

{"id":29,"date":"2023-03-14T12:17:40","date_gmt":"2023-03-14T12:17:40","guid":{"rendered":"https:\/\/triple-ex.com\/index.php\/contact-1\/"},"modified":"2026-01-19T17:12:48","modified_gmt":"2026-01-19T15:12:48","slug":"contact-1","status":"publish","type":"page","link":"https:\/\/triple-ex.com\/fr_FR\/index.php\/contact-1\/","title":{"rendered":"Contacts"},"content":{"rendered":"\n<div class=\"wp-block-group has-link-color wp-elements-acb3d1a07556ee520313058366fa425e has-global-padding is-layout-constrained wp-block-group-is-layout-constrained\">\n<p>Nous serons heureux de vous accueillir\u00a0 dans nos bureaux parisiens ou anversois et de r\u00e9pondre \u00e0 toutes vos questions. N&rsquo;h\u00e9sitez pas \u00e0 nous contacter via l&rsquo;adresse mail <a href=\"mailto:contact@triple-ex.com\">contact@triple-ex.com<\/a> si vous avez besoin : d&rsquo;assistance, de plus d&rsquo;informations sur nos produits ou services.<\/p>\n<p>Pour prendre rendez-vous cliquez<em> <a href=\"https:\/\/triple-ex.com\/index.php\/rendezvous\/\">ic<\/a><a href=\"https:\/\/triple-ex.com\/index.php\/rendezvous\/\">i.<\/a><\/em><\/p>\n<p>Nos Implantations :<\/p>\n<p>17 rue Cadet, 75009, Paris, France<\/p>\n<p>Schupstraat 9-11, 2018 Antwerp, Belgique<\/p>\n<\/div>\n","protected":false},"excerpt":{"rendered":"<p>Nous serons heureux de vous accueillir\u00a0 dans nos bureaux parisiens ou anversois et de r\u00e9pondre \u00e0 toutes vos questions. N&rsquo;h\u00e9sitez pas \u00e0 nous contacter via l&rsquo;adresse mail contact@triple-ex.com si vous avez besoin : d&rsquo;assistance, de plus d&rsquo;informations sur nos produits ou services. Pour prendre rendez-vous cliquez ici. Nos Implantations : 17 rue Cadet, 75009, Paris, [&hellip;]<\/p>\n","protected":false},"author":1,"featured_media":0,"parent":0,"menu_order":0,"comment_status":"closed","ping_status":"closed","template":"","meta":{"om_disable_all_campaigns":false,"_monsterinsights_skip_tracking":false,"_monsterinsights_sitenote_active":false,"_monsterinsights_sitenote_note":"","_monsterinsights_sitenote_category":0,"_uf_show_specific_survey":0,"_uf_disable_surveys":false,"footnotes":""},"class_list":["post-29","page","type-page","status-publish","hentry"],"aioseo_notices":[],"_links":{"self":[{"href":"https:\/\/triple-ex.com\/index.php\/wp-json\/wp\/v2\/pages\/29","targetHints":{"allow":["GET"]}}],"collection":[{"href":"https:\/\/triple-ex.com\/index.php\/wp-json\/wp\/v2\/pages"}],"about":[{"href":"https:\/\/triple-ex.com\/index.php\/wp-json\/wp\/v2\/types\/page"}],"author":[{"embeddable":true,"href":"https:\/\/triple-ex.com\/index.php\/wp-json\/wp\/v2\/users\/1"}],"replies":[{"embeddable":true,"href":"https:\/\/triple-ex.com\/index.php\/wp-json\/wp\/v2\/comments?post=29"}],"version-history":[{"count":9,"href":"https:\/\/triple-ex.com\/index.php\/wp-json\/wp\/v2\/pages\/29\/revisions"}],"predecessor-version":[{"id":805,"href":"https:\/\/triple-ex.com\/index.php\/wp-json\/wp\/v2\/pages\/29\/revisions\/805"}],"wp:attachment":[{"href":"https:\/\/triple-ex.com\/index.php\/wp-json\/wp\/v2\/media?parent=29"}],"curies":[{"name":"wp","href":"https:\/\/api.w.org\/{rel}","templated":true}]}}